{"id":858,"date":"2026-04-16T15:07:52","date_gmt":"2026-04-16T13:07:52","guid":{"rendered":"https:\/\/cla-edition.fr\/?post_type=product&#038;p=858"},"modified":"2026-04-16T15:07:52","modified_gmt":"2026-04-16T13:07:52","slug":"david-le-valeureux-berger","status":"publish","type":"product","link":"https:\/\/cla-edition.fr\/index.php\/produit\/david-le-valeureux-berger\/","title":{"rendered":"David, le valeureux berger !"},"content":{"rendered":"<p>Voici l\u2019histoire de David, le valeureux berger qui n&rsquo;a pas h\u00e9sit\u00e9 \u00e0 confronter Goliath pour d\u00e9livrer le peuple d&rsquo;Isra\u00ebl.<br \/>\n\u00c0 travers son combat contre le g\u00e9ant philistin, David a d\u00e9montr\u00e9 \u00e0 tous que Dieu prot\u00e8ge ceux qui Lui font confiance et que la foi est plus forte que la peur !<\/p>\n","protected":false},"excerpt":{"rendered":"<p>Voici l\u2019histoire de David, le valeureux berger qui n&rsquo;a pas h\u00e9sit\u00e9 \u00e0 confronter Goliath pour d\u00e9livrer le peuple d&rsquo;Isra\u00ebl. \u00c0 travers son combat contre le g\u00e9ant philistin, David a d\u00e9montr\u00e9 \u00e0 tous que Dieu prot\u00e8ge ceux qui Lui font confiance et que la foi est plus forte que la peur !<\/p>\n","protected":false},"featured_media":862,"comment_status":"open","ping_status":"closed","template":"","meta":[],"product_brand":[],"product_cat":[22],"product_tag":[],"class_list":{"0":"post-858","1":"product","2":"type-product","3":"status-publish","4":"has-post-thumbnail","6":"product_cat-livres-illustres","8":"first","9":"instock","10":"shipping-taxable","11":"purchasable","12":"product-type-simple"},"_links":{"self":[{"href":"https:\/\/cla-edition.fr\/index.php\/wp-json\/wp\/v2\/product\/858","targetHints":{"allow":["GET"]}}],"collection":[{"href":"https:\/\/cla-edition.fr\/index.php\/wp-json\/wp\/v2\/product"}],"about":[{"href":"https:\/\/cla-edition.fr\/index.php\/wp-json\/wp\/v2\/types\/product"}],"replies":[{"embeddable":true,"href":"https:\/\/cla-edition.fr\/index.php\/wp-json\/wp\/v2\/comments?post=858"}],"wp:featuredmedia":[{"embeddable":true,"href":"https:\/\/cla-edition.fr\/index.php\/wp-json\/wp\/v2\/media\/862"}],"wp:attachment":[{"href":"https:\/\/cla-edition.fr\/index.php\/wp-json\/wp\/v2\/media?parent=858"}],"wp:term":[{"taxonomy":"product_brand","embeddable":true,"href":"https:\/\/cla-edition.fr\/index.php\/wp-json\/wp\/v2\/product_brand?post=858"},{"taxonomy":"product_cat","embeddable":true,"href":"https:\/\/cla-edition.fr\/index.php\/wp-json\/wp\/v2\/product_cat?post=858"},{"taxonomy":"product_tag","embeddable":true,"href":"https:\/\/cla-edition.fr\/index.php\/wp-json\/wp\/v2\/product_tag?post=858"}],"curies":[{"name":"wp","href":"https:\/\/api.w.org\/{rel}","templated":true}]}}