{"id":835,"date":"2025-12-02T16:43:10","date_gmt":"2025-12-02T15:43:10","guid":{"rendered":"https:\/\/cla-edition.fr\/?post_type=product&#038;p=835"},"modified":"2025-12-14T13:02:12","modified_gmt":"2025-12-14T12:02:12","slug":"esther-la-reine-incomparable","status":"publish","type":"product","link":"https:\/\/cla-edition.fr\/index.php\/produit\/esther-la-reine-incomparable\/","title":{"rendered":"Esther, la reine incomparable"},"content":{"rendered":"<p>\ud83d\udc51 Voici l\u2019histoire d\u2019Esther, la jeune fille choisie par Dieu pour sauver tout un peuple !<\/p>\n<p>Esther, une jeune fille humble et courageuse, devient reine du grand empire perse. Mais lorsqu\u2019un danger menace les Juifs, elle comprend que Dieu l\u2019a plac\u00e9e l\u00e0 pour une raison. Par sa foi, son courage et ses pri\u00e8res, elle put accomplir une mission extraordinaire !<\/p>\n<p>D\u00e9couvre \u00e9galement cette histoire sous forme de chant anim\u00e9 <a href=\"https:\/\/youtu.be\/NDvaWpp8I74\">ici<\/a> !<\/p>\n","protected":false},"excerpt":{"rendered":"<p>\ud83d\udc51 Voici l\u2019histoire d\u2019Esther, la jeune fille choisie par Dieu pour sauver tout un peuple ! Esther, une jeune fille humble et courageuse, devient reine du grand empire perse. Mais lorsqu\u2019un danger menace les Juifs, elle comprend que Dieu l\u2019a plac\u00e9e l\u00e0 pour une raison. Par sa foi, son courage et ses pri\u00e8res, elle put &hellip; <\/p>\n","protected":false},"featured_media":836,"comment_status":"open","ping_status":"closed","template":"","meta":[],"product_brand":[],"product_cat":[22],"product_tag":[],"class_list":{"0":"post-835","1":"product","2":"type-product","3":"status-publish","4":"has-post-thumbnail","6":"product_cat-livres-illustres","8":"first","9":"instock","10":"shipping-taxable","11":"purchasable","12":"product-type-simple"},"_links":{"self":[{"href":"https:\/\/cla-edition.fr\/index.php\/wp-json\/wp\/v2\/product\/835","targetHints":{"allow":["GET"]}}],"collection":[{"href":"https:\/\/cla-edition.fr\/index.php\/wp-json\/wp\/v2\/product"}],"about":[{"href":"https:\/\/cla-edition.fr\/index.php\/wp-json\/wp\/v2\/types\/product"}],"replies":[{"embeddable":true,"href":"https:\/\/cla-edition.fr\/index.php\/wp-json\/wp\/v2\/comments?post=835"}],"wp:featuredmedia":[{"embeddable":true,"href":"https:\/\/cla-edition.fr\/index.php\/wp-json\/wp\/v2\/media\/836"}],"wp:attachment":[{"href":"https:\/\/cla-edition.fr\/index.php\/wp-json\/wp\/v2\/media?parent=835"}],"wp:term":[{"taxonomy":"product_brand","embeddable":true,"href":"https:\/\/cla-edition.fr\/index.php\/wp-json\/wp\/v2\/product_brand?post=835"},{"taxonomy":"product_cat","embeddable":true,"href":"https:\/\/cla-edition.fr\/index.php\/wp-json\/wp\/v2\/product_cat?post=835"},{"taxonomy":"product_tag","embeddable":true,"href":"https:\/\/cla-edition.fr\/index.php\/wp-json\/wp\/v2\/product_tag?post=835"}],"curies":[{"name":"wp","href":"https:\/\/api.w.org\/{rel}","templated":true}]}}