{"id":663,"date":"2024-10-25T19:01:07","date_gmt":"2024-10-25T17:01:07","guid":{"rendered":"https:\/\/cla-edition.fr\/?post_type=product&#038;p=663"},"modified":"2025-03-27T10:08:58","modified_gmt":"2025-03-27T09:08:58","slug":"pourquoi-je-ne-fete-pas-halloween","status":"publish","type":"product","link":"https:\/\/cla-edition.fr\/index.php\/produit\/pourquoi-je-ne-fete-pas-halloween\/","title":{"rendered":"Pourquoi je ne f\u00eate pas Halloween ?"},"content":{"rendered":"<p>Se d\u00e9guiser et faire peur aux gens le soir d&rsquo;Halloween ? Tr\u00e8s peu pour Timoth\u00e9e ! Ce petit gar\u00e7on de 6 ans pr\u00e9f\u00e8re s&rsquo;adonner \u00e0 des activit\u00e9s bien plus agr\u00e9ables pour lui !<\/p>\n<p>Ce livre illustr\u00e9 permet de r\u00e9pondre avec l\u00e9g\u00e8ret\u00e9 \u00e0 certaines interrogations que peuvent se poser les enfants.<\/p>\n","protected":false},"excerpt":{"rendered":"<p>Se d\u00e9guiser et faire peur aux gens le soir d&rsquo;Halloween ? Tr\u00e8s peu pour Timoth\u00e9e ! Ce petit gar\u00e7on de 6 ans pr\u00e9f\u00e8re s&rsquo;adonner \u00e0 des activit\u00e9s bien plus agr\u00e9ables pour lui ! Ce livre illustr\u00e9 permet de r\u00e9pondre avec l\u00e9g\u00e8ret\u00e9 \u00e0 certaines interrogations que peuvent se poser les enfants.<\/p>\n","protected":false},"featured_media":664,"comment_status":"open","ping_status":"closed","template":"","meta":[],"product_brand":[],"product_cat":[22],"product_tag":[],"class_list":{"0":"post-663","1":"product","2":"type-product","3":"status-publish","4":"has-post-thumbnail","6":"product_cat-livres-illustres","8":"first","9":"instock","10":"shipping-taxable","11":"purchasable","12":"product-type-simple"},"_links":{"self":[{"href":"https:\/\/cla-edition.fr\/index.php\/wp-json\/wp\/v2\/product\/663","targetHints":{"allow":["GET"]}}],"collection":[{"href":"https:\/\/cla-edition.fr\/index.php\/wp-json\/wp\/v2\/product"}],"about":[{"href":"https:\/\/cla-edition.fr\/index.php\/wp-json\/wp\/v2\/types\/product"}],"replies":[{"embeddable":true,"href":"https:\/\/cla-edition.fr\/index.php\/wp-json\/wp\/v2\/comments?post=663"}],"wp:featuredmedia":[{"embeddable":true,"href":"https:\/\/cla-edition.fr\/index.php\/wp-json\/wp\/v2\/media\/664"}],"wp:attachment":[{"href":"https:\/\/cla-edition.fr\/index.php\/wp-json\/wp\/v2\/media?parent=663"}],"wp:term":[{"taxonomy":"product_brand","embeddable":true,"href":"https:\/\/cla-edition.fr\/index.php\/wp-json\/wp\/v2\/product_brand?post=663"},{"taxonomy":"product_cat","embeddable":true,"href":"https:\/\/cla-edition.fr\/index.php\/wp-json\/wp\/v2\/product_cat?post=663"},{"taxonomy":"product_tag","embeddable":true,"href":"https:\/\/cla-edition.fr\/index.php\/wp-json\/wp\/v2\/product_tag?post=663"}],"curies":[{"name":"wp","href":"https:\/\/api.w.org\/{rel}","templated":true}]}}