{"id":596,"date":"2023-10-29T12:04:04","date_gmt":"2023-10-29T11:04:04","guid":{"rendered":"https:\/\/cla-edition.fr\/?post_type=product&#038;p=596"},"modified":"2026-04-12T13:10:24","modified_gmt":"2026-04-12T11:10:24","slug":"je-veux-prier","status":"publish","type":"product","link":"https:\/\/cla-edition.fr\/index.php\/produit\/je-veux-prier\/","title":{"rendered":"Je veux prier !"},"content":{"rendered":"<p>Livre pour enfants d\u00e9voilant une histoire in\u00e9dite accompagn\u00e9e de visuels attrayants.<\/p>\n","protected":false},"excerpt":{"rendered":"<p>Emma est une petite fille de 3 ans qui aimerait apprendre \u00e0 prier. Sa maman lui offre une m\u00e9thode des plus efficaces.<\/p>\n","protected":false},"featured_media":599,"comment_status":"open","ping_status":"closed","template":"","meta":[],"product_brand":[],"product_cat":[22],"product_tag":[],"class_list":{"0":"post-596","1":"product","2":"type-product","3":"status-publish","4":"has-post-thumbnail","6":"product_cat-livres-illustres","8":"first","9":"instock","10":"shipping-taxable","11":"purchasable","12":"product-type-simple"},"_links":{"self":[{"href":"https:\/\/cla-edition.fr\/index.php\/wp-json\/wp\/v2\/product\/596","targetHints":{"allow":["GET"]}}],"collection":[{"href":"https:\/\/cla-edition.fr\/index.php\/wp-json\/wp\/v2\/product"}],"about":[{"href":"https:\/\/cla-edition.fr\/index.php\/wp-json\/wp\/v2\/types\/product"}],"replies":[{"embeddable":true,"href":"https:\/\/cla-edition.fr\/index.php\/wp-json\/wp\/v2\/comments?post=596"}],"wp:featuredmedia":[{"embeddable":true,"href":"https:\/\/cla-edition.fr\/index.php\/wp-json\/wp\/v2\/media\/599"}],"wp:attachment":[{"href":"https:\/\/cla-edition.fr\/index.php\/wp-json\/wp\/v2\/media?parent=596"}],"wp:term":[{"taxonomy":"product_brand","embeddable":true,"href":"https:\/\/cla-edition.fr\/index.php\/wp-json\/wp\/v2\/product_brand?post=596"},{"taxonomy":"product_cat","embeddable":true,"href":"https:\/\/cla-edition.fr\/index.php\/wp-json\/wp\/v2\/product_cat?post=596"},{"taxonomy":"product_tag","embeddable":true,"href":"https:\/\/cla-edition.fr\/index.php\/wp-json\/wp\/v2\/product_tag?post=596"}],"curies":[{"name":"wp","href":"https:\/\/api.w.org\/{rel}","templated":true}]}}