{"id":510,"date":"2023-10-20T13:45:29","date_gmt":"2023-10-20T11:45:29","guid":{"rendered":"https:\/\/cla-edition.fr\/?post_type=product&#038;p=510"},"modified":"2023-10-20T13:53:58","modified_gmt":"2023-10-20T11:53:58","slug":"livret-dactivites-special-mariage","status":"publish","type":"product","link":"https:\/\/cla-edition.fr\/index.php\/produit\/livret-dactivites-special-mariage\/","title":{"rendered":"Livret d&rsquo;activit\u00e9s sp\u00e9cial mariage"},"content":{"rendered":"<p>Ce livret d&rsquo;activit\u00e9s de 24 pages peut \u00eatre propos\u00e9 \u00e0 des animateurs recherchant des activit\u00e9s \u00e0 proposer \u00e0 des enfants lors d&rsquo;une soir\u00e9e de mariage. Il permettra aux enfants de passer un moment \u00e0 se r\u00e9cr\u00e9er autour d&rsquo;une activit\u00e9 calme.<\/p>\n","protected":false},"excerpt":{"rendered":"<p>Ce livret d&rsquo;activit\u00e9s de 24 pages peut \u00eatre propos\u00e9 \u00e0 des animateurs recherchant des activit\u00e9s \u00e0 proposer \u00e0 des enfants lors d&rsquo;une soir\u00e9e de mariage. Il permettra aux enfants de passer un moment \u00e0 se r\u00e9cr\u00e9er autour d&rsquo;une activit\u00e9 calme.<\/p>\n","protected":false},"featured_media":512,"comment_status":"open","ping_status":"closed","template":"","meta":[],"product_brand":[],"product_cat":[24],"product_tag":[],"class_list":{"0":"post-510","1":"product","2":"type-product","3":"status-publish","4":"has-post-thumbnail","6":"product_cat-coloriage","8":"first","9":"instock","10":"shipping-taxable","11":"purchasable","12":"product-type-simple"},"_links":{"self":[{"href":"https:\/\/cla-edition.fr\/index.php\/wp-json\/wp\/v2\/product\/510","targetHints":{"allow":["GET"]}}],"collection":[{"href":"https:\/\/cla-edition.fr\/index.php\/wp-json\/wp\/v2\/product"}],"about":[{"href":"https:\/\/cla-edition.fr\/index.php\/wp-json\/wp\/v2\/types\/product"}],"replies":[{"embeddable":true,"href":"https:\/\/cla-edition.fr\/index.php\/wp-json\/wp\/v2\/comments?post=510"}],"wp:featuredmedia":[{"embeddable":true,"href":"https:\/\/cla-edition.fr\/index.php\/wp-json\/wp\/v2\/media\/512"}],"wp:attachment":[{"href":"https:\/\/cla-edition.fr\/index.php\/wp-json\/wp\/v2\/media?parent=510"}],"wp:term":[{"taxonomy":"product_brand","embeddable":true,"href":"https:\/\/cla-edition.fr\/index.php\/wp-json\/wp\/v2\/product_brand?post=510"},{"taxonomy":"product_cat","embeddable":true,"href":"https:\/\/cla-edition.fr\/index.php\/wp-json\/wp\/v2\/product_cat?post=510"},{"taxonomy":"product_tag","embeddable":true,"href":"https:\/\/cla-edition.fr\/index.php\/wp-json\/wp\/v2\/product_tag?post=510"}],"curies":[{"name":"wp","href":"https:\/\/api.w.org\/{rel}","templated":true}]}}