{"id":151,"date":"2023-06-13T18:39:02","date_gmt":"2023-06-13T16:39:02","guid":{"rendered":"https:\/\/cla-edition.fr\/?post_type=product&#038;p=151"},"modified":"2024-04-04T11:27:00","modified_gmt":"2024-04-04T09:27:00","slug":"les-merveilles-de-la-mer","status":"publish","type":"product","link":"https:\/\/cla-edition.fr\/index.php\/produit\/les-merveilles-de-la-mer\/","title":{"rendered":"Les merveilles de la mer"},"content":{"rendered":"<p>Livre pour enfants d\u00e9voilant une histoire in\u00e9dite illustr\u00e9e gr\u00e2ce \u00e0 l&rsquo;intelligence artificielle.<\/p>\n","protected":false},"excerpt":{"rendered":"<p>Un petit gar\u00e7on est passionn\u00e9 par le monde aquatique. Son p\u00e8re lui permet de d\u00e9couvrir cet univers au cours d&rsquo;une apr\u00e8s-midi qui lui r\u00e9serve bien des surprises !<\/p>\n","protected":false},"featured_media":52,"comment_status":"open","ping_status":"closed","template":"","meta":[],"product_brand":[],"product_cat":[22],"product_tag":[],"class_list":{"0":"post-151","1":"product","2":"type-product","3":"status-publish","4":"has-post-thumbnail","6":"product_cat-livres-illustres","8":"first","9":"instock","10":"shipping-taxable","11":"purchasable","12":"product-type-simple"},"_links":{"self":[{"href":"https:\/\/cla-edition.fr\/index.php\/wp-json\/wp\/v2\/product\/151","targetHints":{"allow":["GET"]}}],"collection":[{"href":"https:\/\/cla-edition.fr\/index.php\/wp-json\/wp\/v2\/product"}],"about":[{"href":"https:\/\/cla-edition.fr\/index.php\/wp-json\/wp\/v2\/types\/product"}],"replies":[{"embeddable":true,"href":"https:\/\/cla-edition.fr\/index.php\/wp-json\/wp\/v2\/comments?post=151"}],"wp:featuredmedia":[{"embeddable":true,"href":"https:\/\/cla-edition.fr\/index.php\/wp-json\/wp\/v2\/media\/52"}],"wp:attachment":[{"href":"https:\/\/cla-edition.fr\/index.php\/wp-json\/wp\/v2\/media?parent=151"}],"wp:term":[{"taxonomy":"product_brand","embeddable":true,"href":"https:\/\/cla-edition.fr\/index.php\/wp-json\/wp\/v2\/product_brand?post=151"},{"taxonomy":"product_cat","embeddable":true,"href":"https:\/\/cla-edition.fr\/index.php\/wp-json\/wp\/v2\/product_cat?post=151"},{"taxonomy":"product_tag","embeddable":true,"href":"https:\/\/cla-edition.fr\/index.php\/wp-json\/wp\/v2\/product_tag?post=151"}],"curies":[{"name":"wp","href":"https:\/\/api.w.org\/{rel}","templated":true}]}}