{"id":34,"date":"2023-06-12T14:41:39","date_gmt":"2023-06-12T12:41:39","guid":{"rendered":"https:\/\/cla-edition.fr\/?page_id=34"},"modified":"2023-10-20T14:57:25","modified_gmt":"2023-10-20T12:57:25","slug":"qui-sommes-nous","status":"publish","type":"page","link":"https:\/\/cla-edition.fr\/index.php\/qui-sommes-nous\/","title":{"rendered":"Qui sommes-nous ?"},"content":{"rendered":"\t\t<div data-elementor-type=\"wp-page\" data-elementor-id=\"34\" class=\"elementor elementor-34\">\n\t\t\t\t\t\t<section class=\"elementor-section elementor-top-section elementor-element elementor-element-c862dd7 elementor-section-boxed elementor-section-height-default elementor-section-height-default\" data-id=\"c862dd7\" data-element_type=\"section\" data-e-type=\"section\">\n\t\t\t\t\t\t<div class=\"elementor-container elementor-column-gap-default\">\n\t\t\t\t\t<div class=\"elementor-column elementor-col-100 elementor-top-column elementor-element elementor-element-36483db\" data-id=\"36483db\" data-element_type=\"column\" data-e-type=\"column\">\n\t\t\t<div class=\"elementor-widget-wrap elementor-element-populated\">\n\t\t\t\t\t\t<div class=\"elementor-element elementor-element-0c04e9b elementor-widget elementor-widget-text-editor\" data-id=\"0c04e9b\" data-element_type=\"widget\" data-e-type=\"widget\" data-widget_type=\"text-editor.default\">\n\t\t\t\t<div class=\"elementor-widget-container\">\n\t\t\t\t\t\t\t\t\t<p>Si nous avons \u00e9veill\u00e9 votre curiosit\u00e9, consultez notre onglet \u00ab\u00a0La CLA \u00c9dition\u00a0\u00bb ou \u00ab\u00a0La CLA Corporation\u00a0\u00bb pour nous conna\u00eetre davantage.<\/p>\t\t\t\t\t\t\t\t<\/div>\n\t\t\t\t<\/div>\n\t\t\t\t\t<\/div>\n\t\t<\/div>\n\t\t\t\t\t<\/div>\n\t\t<\/section>\n\t\t\t\t<\/div>\n\t\t","protected":false},"excerpt":{"rendered":"<p>Si nous avons \u00e9veill\u00e9 votre curiosit\u00e9, consultez notre onglet \u00ab\u00a0La CLA \u00c9dition\u00a0\u00bb ou \u00ab\u00a0La CLA Corporation\u00a0\u00bb pour nous conna\u00eetre davantage.<\/p>\n","protected":false},"author":1,"featured_media":0,"parent":0,"menu_order":0,"comment_status":"closed","ping_status":"closed","template":"","meta":{"footnotes":""},"class_list":["post-34","page","type-page","status-publish","hentry"],"_links":{"self":[{"href":"https:\/\/cla-edition.fr\/index.php\/wp-json\/wp\/v2\/pages\/34","targetHints":{"allow":["GET"]}}],"collection":[{"href":"https:\/\/cla-edition.fr\/index.php\/wp-json\/wp\/v2\/pages"}],"about":[{"href":"https:\/\/cla-edition.fr\/index.php\/wp-json\/wp\/v2\/types\/page"}],"author":[{"embeddable":true,"href":"https:\/\/cla-edition.fr\/index.php\/wp-json\/wp\/v2\/users\/1"}],"replies":[{"embeddable":true,"href":"https:\/\/cla-edition.fr\/index.php\/wp-json\/wp\/v2\/comments?post=34"}],"version-history":[{"count":5,"href":"https:\/\/cla-edition.fr\/index.php\/wp-json\/wp\/v2\/pages\/34\/revisions"}],"predecessor-version":[{"id":536,"href":"https:\/\/cla-edition.fr\/index.php\/wp-json\/wp\/v2\/pages\/34\/revisions\/536"}],"wp:attachment":[{"href":"https:\/\/cla-edition.fr\/index.php\/wp-json\/wp\/v2\/media?parent=34"}],"curies":[{"name":"wp","href":"https:\/\/api.w.org\/{rel}","templated":true}]}}